{"id":5810,"date":"2021-05-10T18:00:26","date_gmt":"2021-05-10T15:00:26","guid":{"rendered":"https:\/\/onlywater.ro\/yeni\/?post_type=product&#038;p=5810"},"modified":"2021-05-11T16:12:35","modified_gmt":"2021-05-11T13:12:35","slug":"filtru-carbon-activ-in-line","status":"publish","type":"product","link":"https:\/\/hscwater.ro\/en\/product\/filtru-carbon-activ-in-line\/","title":{"rendered":"Filtru carbon activ In-Line"},"content":{"rendered":"<p>Cartu\u0219 din bloc de carbon activ de \u00eenalt\u0103 calitate, realizat dintr-un amestec de carbon activat aprobat de NSF \u0219i medii speciale de filtrare. \u00cendep\u0103rteaz\u0103 clorul, substan\u021bele organice \u0219i anumite pesticide.<\/p>\n<p>\u00cembun\u0103t\u0103\u021be\u0219te gustul \u0219i aroma apei filtrat\u0103. Cartu\u0219ele reduc duritatea apei \u0219i concentra\u021bia metalelor grele.<\/p>\n<p>Dimensiuni disponibile: 2,5 &#8220;x 12&#8221;<br \/>\nTemperatura de lucru: 2 \u00b0 C &#8211; 45 \u00b0 C<br \/>\nLongevitate: 6 &#8211; 12 luni (\u00een func\u021bie de calitatea apei de alimentare).<\/p>\n","protected":false},"excerpt":{"rendered":"<p>Filtru In-Line de 2,5&#8243;x 12&#8243; \u00a0 carbon activ\u00a0 si ioni de argint<\/p>\n","protected":false},"featured_media":6001,"comment_status":"open","ping_status":"closed","template":"","meta":[],"product_cat":[40],"product_tag":[],"_links":{"self":[{"href":"https:\/\/hscwater.ro\/en\/wp-json\/wp\/v2\/product\/5810"}],"collection":[{"href":"https:\/\/hscwater.ro\/en\/wp-json\/wp\/v2\/product"}],"about":[{"href":"https:\/\/hscwater.ro\/en\/wp-json\/wp\/v2\/types\/product"}],"replies":[{"embeddable":true,"href":"https:\/\/hscwater.ro\/en\/wp-json\/wp\/v2\/comments?post=5810"}],"version-history":[{"count":1,"href":"https:\/\/hscwater.ro\/en\/wp-json\/wp\/v2\/product\/5810\/revisions"}],"predecessor-version":[{"id":5849,"href":"https:\/\/hscwater.ro\/en\/wp-json\/wp\/v2\/product\/5810\/revisions\/5849"}],"wp:featuredmedia":[{"embeddable":true,"href":"https:\/\/hscwater.ro\/en\/wp-json\/wp\/v2\/media\/6001"}],"wp:attachment":[{"href":"https:\/\/hscwater.ro\/en\/wp-json\/wp\/v2\/media?parent=5810"}],"wp:term":[{"taxonomy":"product_cat","embeddable":true,"href":"https:\/\/hscwater.ro\/en\/wp-json\/wp\/v2\/product_cat?post=5810"},{"taxonomy":"product_tag","embeddable":true,"href":"https:\/\/hscwater.ro\/en\/wp-json\/wp\/v2\/product_tag?post=5810"}],"curies":[{"name":"wp","href":"https:\/\/api.w.org\/{rel}","templated":true}]}}